{"id":116,"date":"2025-11-01T19:16:48","date_gmt":"2025-11-01T19:16:48","guid":{"rendered":"https:\/\/www.topsenzoon.be\/?page_id=116"},"modified":"2025-11-23T10:05:55","modified_gmt":"2025-11-23T10:05:55","slug":"industrieel","status":"publish","type":"page","link":"https:\/\/www.topsenzoon.be\/index.php\/industrieel\/","title":{"rendered":"Industrieel"},"content":{"rendered":"\t\t<div data-elementor-type=\"wp-page\" data-elementor-id=\"116\" class=\"elementor elementor-116\" data-elementor-post-type=\"page\">\n\t\t\t\t<div class=\"elementor-element elementor-element-dd851b7 e-flex e-con-boxed e-con e-parent\" data-id=\"dd851b7\" data-element_type=\"container\" data-settings=\"{&quot;background_background&quot;:&quot;classic&quot;}\">\n\t\t\t\t\t<div class=\"e-con-inner\">\n\t\t\t\t<div class=\"elementor-element elementor-element-3b91ec7 animated-fast elementor-widget elementor-widget-heading\" data-id=\"3b91ec7\" data-element_type=\"widget\" data-settings=\"{&quot;_animation&quot;:&quot;none&quot;}\" data-widget_type=\"heading.default\">\n\t\t\t\t\t<h2 class=\"elementor-heading-title elementor-size-default\">Industrieel<\/h2>\t\t\t\t<\/div>\n\t\t\t\t<div class=\"elementor-element elementor-element-32b017a animated-fast elementor-widget elementor-widget-heading\" data-id=\"32b017a\" data-element_type=\"widget\" data-settings=\"{&quot;_animation&quot;:&quot;none&quot;,&quot;_animation_delay&quot;:400}\" data-widget_type=\"heading.default\">\n\t\t\t\t\t<h2 class=\"elementor-heading-title elementor-size-default\">Een Betrouwbare basis voor industri\u00eble constructies<\/h2>\t\t\t\t<\/div>\n\t\t\t\t\t<\/div>\n\t\t\t\t<\/div>\n\t\t<div class=\"elementor-element elementor-element-cee6bf5 e-flex e-con-boxed e-con e-parent\" data-id=\"cee6bf5\" data-element_type=\"container\">\n\t\t\t\t\t<div class=\"e-con-inner\">\n\t\t\t\t<div class=\"elementor-element elementor-element-a992edb elementor-widget elementor-widget-heading\" data-id=\"a992edb\" data-element_type=\"widget\" data-widget_type=\"heading.default\">\n\t\t\t\t\t<h5 class=\"elementor-heading-title elementor-size-default\">Voor industri\u00eble projecten bieden wij betrouwbare en effici\u00ebnte oplossingen die voldoen aan de hoogste kwaliteitsnormen.\n\nOf het nu gaat om grootschalige grondwerken, infrastructuurvoorbereiding of gespecialiseerde uitgravingen, wij zorgen voor een professionele uitvoering van A tot Z. <br><br>Met onze ervaring en modern materieel ondersteunen we bedrijven in uiteenlopende sectoren op een veilige en duurzame manier.<\/h5>\t\t\t\t<\/div>\n\t\t\t\t\t<\/div>\n\t\t\t\t<\/div>\n\t\t<div class=\"elementor-element elementor-element-45668ce e-con-full e-flex e-con e-parent\" data-id=\"45668ce\" data-element_type=\"container\" data-settings=\"{&quot;background_background&quot;:&quot;classic&quot;}\">\n\t\t<div class=\"elementor-element elementor-element-15df401 e-con-full e-flex e-con e-child\" data-id=\"15df401\" data-element_type=\"container\" data-settings=\"{&quot;background_background&quot;:&quot;classic&quot;}\">\n\t\t\t\t<\/div>\n\t\t<div class=\"elementor-element elementor-element-9fa2339 e-con-full e-flex e-con e-child\" data-id=\"9fa2339\" data-element_type=\"container\">\n\t\t\t\t<div class=\"elementor-element elementor-element-59a1f7a elementor-widget elementor-widget-heading\" data-id=\"59a1f7a\" data-element_type=\"widget\" data-widget_type=\"heading.default\">\n\t\t\t\t\t<h6 class=\"elementor-heading-title elementor-size-default\">Nauwkeurig voorbereid, professioneel uitgevoerd<\/h6>\t\t\t\t<\/div>\n\t\t\t\t<div class=\"elementor-element elementor-element-ee9cc45 elementor-widget elementor-widget-heading\" data-id=\"ee9cc45\" data-element_type=\"widget\" data-widget_type=\"heading.default\">\n\t\t\t\t\t<h1 class=\"elementor-heading-title elementor-size-default\">Industri\u00eble grondwerken<\/h1>\t\t\t\t<\/div>\n\t\t\t\t<div class=\"elementor-element elementor-element-8833c67 elementor-widget elementor-widget-text-editor\" data-id=\"8833c67\" data-element_type=\"widget\" data-settings=\"{&quot;_animation&quot;:&quot;none&quot;,&quot;_animation_delay&quot;:400}\" data-widget_type=\"text-editor.default\">\n\t\t\t\t\t\t\t\t\t<p>Voor industri\u00eble projecten voeren wij grondwerken uit met de hoogste precisie. Van het nivelleren van terreinen en loodsen tot grondstabilisatie, zeven van gronden en drainage: we zorgen voor een correcte voorbereiding die klaar is voor zware belasting.<\/p><p>Met modern, GPS-gestuurd materieel en een team dat weet wat het doet, leggen we een stevige basis voor elk verdere bouw- of infrastructuurwerk.<\/p>\t\t\t\t\t\t\t\t<\/div>\n\t\t\t\t<\/div>\n\t\t\t\t<\/div>\n\t\t<div class=\"elementor-element elementor-element-8ba8200 e-con-full e-flex e-con e-parent\" data-id=\"8ba8200\" data-element_type=\"container\">\n\t\t<div class=\"elementor-element elementor-element-ec34afd e-con-full e-flex e-con e-child\" data-id=\"ec34afd\" data-element_type=\"container\" data-settings=\"{&quot;background_background&quot;:&quot;classic&quot;}\">\n\t\t\t\t<\/div>\n\t\t<div class=\"elementor-element elementor-element-ea269f1 e-con-full e-flex e-con e-child\" data-id=\"ea269f1\" data-element_type=\"container\">\n\t\t\t\t<div class=\"elementor-element elementor-element-14b601c elementor-widget elementor-widget-heading\" data-id=\"14b601c\" data-element_type=\"widget\" data-widget_type=\"heading.default\">\n\t\t\t\t\t<h6 class=\"elementor-heading-title elementor-size-default\">een stevige basis voor elke constructie<\/h6>\t\t\t\t<\/div>\n\t\t\t\t<div class=\"elementor-element elementor-element-a9f4f98 elementor-widget elementor-widget-heading\" data-id=\"a9f4f98\" data-element_type=\"widget\" data-widget_type=\"heading.default\">\n\t\t\t\t\t<h1 class=\"elementor-heading-title elementor-size-default\">Funderingen<\/h1>\t\t\t\t<\/div>\n\t\t\t\t<div class=\"elementor-element elementor-element-4040bad elementor-widget elementor-widget-text-editor\" data-id=\"4040bad\" data-element_type=\"widget\" data-settings=\"{&quot;_animation&quot;:&quot;none&quot;,&quot;_animation_delay&quot;:400}\" data-widget_type=\"text-editor.default\">\n\t\t\t\t\t\t\t\t\t<p>Een betrouwbare fundering is essentieel voor elke industri\u00eble werf. We plaatsen gestabiliseerde onderkoffers, voeren zoolfunderingen uit en zorgen voor een onderbouw die de belasting van gebouwen en installaties moeiteloos aankan.<\/p><p>Dankzij onze ervaring en nauwkeurige aanpak leveren we funderingswerken die voldoen aan alle technische en structurele vereisten.<\/p>\t\t\t\t\t\t\t\t<\/div>\n\t\t\t\t<\/div>\n\t\t\t\t<\/div>\n\t\t<div class=\"elementor-element elementor-element-6d6a77e e-con-full e-flex e-con e-parent\" data-id=\"6d6a77e\" data-element_type=\"container\" data-settings=\"{&quot;background_background&quot;:&quot;classic&quot;}\">\n\t\t<div class=\"elementor-element elementor-element-e0726b0 e-con-full e-flex e-con e-child\" data-id=\"e0726b0\" data-element_type=\"container\" data-settings=\"{&quot;background_background&quot;:&quot;classic&quot;}\">\n\t\t\t\t<\/div>\n\t\t<div class=\"elementor-element elementor-element-8601e01 e-con-full e-flex e-con e-child\" data-id=\"8601e01\" data-element_type=\"container\">\n\t\t\t\t<div class=\"elementor-element elementor-element-7435dc2 elementor-widget elementor-widget-heading\" data-id=\"7435dc2\" data-element_type=\"widget\" data-widget_type=\"heading.default\">\n\t\t\t\t\t<h6 class=\"elementor-heading-title elementor-size-default\">Functioneel, duurzaam en correct geplaatst<\/h6>\t\t\t\t<\/div>\n\t\t\t\t<div class=\"elementor-element elementor-element-29232db elementor-widget elementor-widget-heading\" data-id=\"29232db\" data-element_type=\"widget\" data-widget_type=\"heading.default\">\n\t\t\t\t\t<h1 class=\"elementor-heading-title elementor-size-default\">Ondergrondse voorzieningen<\/h1>\t\t\t\t<\/div>\n\t\t\t\t<div class=\"elementor-element elementor-element-2eb372e elementor-widget elementor-widget-text-editor\" data-id=\"2eb372e\" data-element_type=\"widget\" data-settings=\"{&quot;_animation&quot;:&quot;none&quot;,&quot;_animation_delay&quot;:400}\" data-widget_type=\"text-editor.default\">\n\t\t\t\t\t\t\t\t\t<p>Wij installeren ondergrondse voorzieningen zoals buffertanks, waterbehandelingssystemen, rioleringen en nutsleidingen. Elk onderdeel wordt nauwkeurig uitgezet en volgens de geldende normen geplaatst.<\/p><p>Zo zorgen we voor een betrouwbare infrastructuur waarop bedrijven verder kunnen bouwen, m\u00e9t aandacht voor waterhuishouding, veiligheid en een correcte aansluiting.<\/p>\t\t\t\t\t\t\t\t<\/div>\n\t\t\t\t<\/div>\n\t\t\t\t<\/div>\n\t\t<div class=\"elementor-element elementor-element-2187f74 e-con-full e-flex e-con e-parent\" data-id=\"2187f74\" data-element_type=\"container\">\n\t\t<div class=\"elementor-element elementor-element-25dd82f e-con-full e-flex e-con e-child\" data-id=\"25dd82f\" data-element_type=\"container\" data-settings=\"{&quot;background_background&quot;:&quot;classic&quot;}\">\n\t\t\t\t<\/div>\n\t\t<div class=\"elementor-element elementor-element-18cc023 e-con-full e-flex e-con e-child\" data-id=\"18cc023\" data-element_type=\"container\">\n\t\t\t\t<div class=\"elementor-element elementor-element-c7bccff elementor-widget elementor-widget-heading\" data-id=\"c7bccff\" data-element_type=\"widget\" data-widget_type=\"heading.default\">\n\t\t\t\t\t<h6 class=\"elementor-heading-title elementor-size-default\">duurzame afwerking voor intensief gebruik<\/h6>\t\t\t\t<\/div>\n\t\t\t\t<div class=\"elementor-element elementor-element-b362ced elementor-widget elementor-widget-heading\" data-id=\"b362ced\" data-element_type=\"widget\" data-widget_type=\"heading.default\">\n\t\t\t\t\t<h1 class=\"elementor-heading-title elementor-size-default\">Buitenaanleg<\/h1>\t\t\t\t<\/div>\n\t\t\t\t<div class=\"elementor-element elementor-element-6ce5043 elementor-widget elementor-widget-text-editor\" data-id=\"6ce5043\" data-element_type=\"widget\" data-settings=\"{&quot;_animation&quot;:&quot;none&quot;,&quot;_animation_delay&quot;:400}\" data-widget_type=\"text-editor.default\">\n\t\t\t\t\t\t\t\t\t<p>Bij de buitenaanleg van industri\u00eble sites zorgen wij voor een sterke, slijtvaste en onderhoudsvriendelijke afwerking.<\/p><p>Of het nu gaat om asfaltwerken, klinkerverhardingen of volledige industri\u00eble parkings: we combineren stevige materialen, nauwkeurige plaatsing en een effici\u00ebnte werfplanning.<\/p><p>Zo wordt jouw terrein klaar voor dagelijks, zwaar en intensief gebruik.<\/p>\t\t\t\t\t\t\t\t<\/div>\n\t\t\t\t<\/div>\n\t\t\t\t<\/div>\n\t\t\t\t<\/div>\n\t\t","protected":false},"excerpt":{"rendered":"<p>Industrieel Een Betrouwbare basis voor industri\u00eble constructies Voor industri\u00eble projecten bieden wij betrouwbare en effici\u00ebnte oplossingen die voldoen aan de hoogste kwaliteitsnormen. Of het nu gaat om grootschalige grondwerken, infrastructuurvoorbereiding of gespecialiseerde uitgravingen, wij zorgen voor een professionele uitvoering van A tot Z. Met onze ervaring en modern materieel ondersteunen we bedrijven in uiteenlopende sectoren [&hellip;]<\/p>\n","protected":false},"author":1,"featured_media":0,"parent":0,"menu_order":0,"comment_status":"closed","ping_status":"closed","template":"elementor_header_footer","meta":{"footnotes":""},"class_list":["post-116","page","type-page","status-publish","hentry"],"_links":{"self":[{"href":"https:\/\/www.topsenzoon.be\/index.php\/wp-json\/wp\/v2\/pages\/116","targetHints":{"allow":["GET"]}}],"collection":[{"href":"https:\/\/www.topsenzoon.be\/index.php\/wp-json\/wp\/v2\/pages"}],"about":[{"href":"https:\/\/www.topsenzoon.be\/index.php\/wp-json\/wp\/v2\/types\/page"}],"author":[{"embeddable":true,"href":"https:\/\/www.topsenzoon.be\/index.php\/wp-json\/wp\/v2\/users\/1"}],"replies":[{"embeddable":true,"href":"https:\/\/www.topsenzoon.be\/index.php\/wp-json\/wp\/v2\/comments?post=116"}],"version-history":[{"count":13,"href":"https:\/\/www.topsenzoon.be\/index.php\/wp-json\/wp\/v2\/pages\/116\/revisions"}],"predecessor-version":[{"id":662,"href":"https:\/\/www.topsenzoon.be\/index.php\/wp-json\/wp\/v2\/pages\/116\/revisions\/662"}],"wp:attachment":[{"href":"https:\/\/www.topsenzoon.be\/index.php\/wp-json\/wp\/v2\/media?parent=116"}],"curies":[{"name":"wp","href":"https:\/\/api.w.org\/{rel}","templated":true}]}}